{"id":1929,"date":"2025-09-23T10:15:12","date_gmt":"2025-09-23T13:15:12","guid":{"rendered":"http:\/\/novo.myhealthbrasil.com.br\/?post_type=product&#038;p=1929"},"modified":"2025-10-05T10:12:59","modified_gmt":"2025-10-05T13:12:59","slug":"perfume-capilar-ae-deep-glow-mood-100ml-60g-mh","status":"publish","type":"product","link":"https:\/\/myhealthbrasil.com.br\/en\/produto\/perfume-capilar-ae-deep-glow-mood-100ml-60g-mh\/","title":{"rendered":"PERFUME CAPILAR AE DEEP GLOW MOOD 100ML\/60G MH"},"content":{"rendered":"<p>O Desodorante Capilar Deep Glow Mood combina perfuma\u00e7\u00e3o duradoura com um toque de brilho para os fios, ideal para deixar seu cabelo com uma fragr\u00e2ncia envolvente ao longo do dia, sem pesar, sem ressecar.<br \/>\nSua f\u00f3rmula leve e sofisticada floral oriental, com notas de frutas vermelhas na sa\u00edda, um cora\u00e7\u00e3o marcante de \u00e2mbar, jasmim e a\u00e7afr\u00e3o, e fundo quente de cedro, musk e cashmeran. Para quem quer leveza, brilho e perfume em cada movimento.<\/p>\n","protected":false},"excerpt":{"rendered":"<p>O Desodorante Capilar Deep Glow Mood combina perfuma\u00e7\u00e3o duradoura com um toque de brilho para os fios, ideal para deixar seu cabelo com uma fragr\u00e2ncia envolvente ao longo do dia, sem pesar, sem ressecar. Sua f\u00f3rmula leve e sofisticada floral oriental, com notas de frutas vermelhas na sa\u00edda, um cora\u00e7\u00e3o marcante de \u00e2mbar, jasmim e [&#8230;]\n","protected":false},"featured_media":2029,"comment_status":"open","ping_status":"closed","template":"","meta":[],"product_brand":[97,95],"product_cat":[22,73],"product_tag":[],"class_list":{"0":"post-1929","1":"product","2":"type-product","3":"status-publish","4":"has-post-thumbnail","6":"product_brand-mood-care","7":"product_brand-my-health","8":"product_cat-men-care","9":"product_cat-linha-capilar","11":"first","12":"instock","13":"shipping-taxable","14":"product-type-simple"},"_links":{"self":[{"href":"https:\/\/myhealthbrasil.com.br\/en\/wp-json\/wp\/v2\/product\/1929","targetHints":{"allow":["GET"]}}],"collection":[{"href":"https:\/\/myhealthbrasil.com.br\/en\/wp-json\/wp\/v2\/product"}],"about":[{"href":"https:\/\/myhealthbrasil.com.br\/en\/wp-json\/wp\/v2\/types\/product"}],"replies":[{"embeddable":true,"href":"https:\/\/myhealthbrasil.com.br\/en\/wp-json\/wp\/v2\/comments?post=1929"}],"wp:featuredmedia":[{"embeddable":true,"href":"https:\/\/myhealthbrasil.com.br\/en\/wp-json\/wp\/v2\/media\/2029"}],"wp:attachment":[{"href":"https:\/\/myhealthbrasil.com.br\/en\/wp-json\/wp\/v2\/media?parent=1929"}],"wp:term":[{"taxonomy":"product_brand","embeddable":true,"href":"https:\/\/myhealthbrasil.com.br\/en\/wp-json\/wp\/v2\/product_brand?post=1929"},{"taxonomy":"product_cat","embeddable":true,"href":"https:\/\/myhealthbrasil.com.br\/en\/wp-json\/wp\/v2\/product_cat?post=1929"},{"taxonomy":"product_tag","embeddable":true,"href":"https:\/\/myhealthbrasil.com.br\/en\/wp-json\/wp\/v2\/product_tag?post=1929"}],"curies":[{"name":"wp","href":"https:\/\/api.w.org\/{rel}","templated":true}]}}