{"id":1928,"date":"2025-09-23T10:15:12","date_gmt":"2025-09-23T13:15:12","guid":{"rendered":"http:\/\/novo.myhealthbrasil.com.br\/?post_type=product&#038;p=1928"},"modified":"2026-03-23T03:25:29","modified_gmt":"2026-03-23T06:25:29","slug":"perfume-capilar-ae-yellow-glow-mood-100ml-60g-mh","status":"publish","type":"product","link":"https:\/\/myhealthbrasil.com.br\/en\/produto\/perfume-capilar-ae-yellow-glow-mood-100ml-60g-mh\/","title":{"rendered":"PERFUME CAPILAR AE YELLOW GLOW MOOD 100ML\/60G MH"},"content":{"rendered":"<p>O Desodorante Capilar Yellow Glow Mood combina perfuma\u00e7\u00e3o duradoura com um toque de brilho para os fios, ideal para deixar seu cabelo com uma fragr\u00e2ncia envolvente ao longo do dia, sem pesar, sem ressecar.<br \/>\nCom uma fragr\u00e2ncia floral frutal, sua f\u00f3rmula combina notas frescas de ma\u00e7\u00e3, p\u00eassego e cassis na sa\u00edda, um corpo floral suave e, ao fundo, a eleg\u00e2ncia do cedro, s\u00e2ndalo e musk. Para quem quer leveza, brilho e perfume em cada movimento.<\/p>\n","protected":false},"excerpt":{"rendered":"<p>O Desodorante Capilar Yellow Glow Mood combina perfuma\u00e7\u00e3o duradoura com um toque de brilho para os fios, ideal para deixar seu cabelo com uma fragr\u00e2ncia envolvente ao longo do dia, sem pesar, sem ressecar. Com uma fragr\u00e2ncia floral frutal, sua f\u00f3rmula combina notas frescas de ma\u00e7\u00e3, p\u00eassego e cassis na sa\u00edda, um corpo floral suave [&#8230;]\n","protected":false},"featured_media":2027,"comment_status":"open","ping_status":"closed","template":"","meta":[],"product_brand":[97,95],"product_cat":[22,73],"product_tag":[],"class_list":{"0":"post-1928","1":"product","2":"type-product","3":"status-publish","4":"has-post-thumbnail","6":"product_brand-mood-care","7":"product_brand-my-health","8":"product_cat-men-care","9":"product_cat-linha-capilar","11":"first","12":"instock","13":"shipping-taxable","14":"product-type-simple"},"_links":{"self":[{"href":"https:\/\/myhealthbrasil.com.br\/en\/wp-json\/wp\/v2\/product\/1928","targetHints":{"allow":["GET"]}}],"collection":[{"href":"https:\/\/myhealthbrasil.com.br\/en\/wp-json\/wp\/v2\/product"}],"about":[{"href":"https:\/\/myhealthbrasil.com.br\/en\/wp-json\/wp\/v2\/types\/product"}],"replies":[{"embeddable":true,"href":"https:\/\/myhealthbrasil.com.br\/en\/wp-json\/wp\/v2\/comments?post=1928"}],"wp:featuredmedia":[{"embeddable":true,"href":"https:\/\/myhealthbrasil.com.br\/en\/wp-json\/wp\/v2\/media\/2027"}],"wp:attachment":[{"href":"https:\/\/myhealthbrasil.com.br\/en\/wp-json\/wp\/v2\/media?parent=1928"}],"wp:term":[{"taxonomy":"product_brand","embeddable":true,"href":"https:\/\/myhealthbrasil.com.br\/en\/wp-json\/wp\/v2\/product_brand?post=1928"},{"taxonomy":"product_cat","embeddable":true,"href":"https:\/\/myhealthbrasil.com.br\/en\/wp-json\/wp\/v2\/product_cat?post=1928"},{"taxonomy":"product_tag","embeddable":true,"href":"https:\/\/myhealthbrasil.com.br\/en\/wp-json\/wp\/v2\/product_tag?post=1928"}],"curies":[{"name":"wp","href":"https:\/\/api.w.org\/{rel}","templated":true}]}}