{"id":1927,"date":"2025-09-23T10:15:12","date_gmt":"2025-09-23T13:15:12","guid":{"rendered":"http:\/\/novo.myhealthbrasil.com.br\/?post_type=product&#038;p=1927"},"modified":"2026-04-14T16:34:13","modified_gmt":"2026-04-14T19:34:13","slug":"perfume-capilar-ae-glow-up-mood-100ml-60g-mh","status":"publish","type":"product","link":"https:\/\/myhealthbrasil.com.br\/en\/produto\/perfume-capilar-ae-glow-up-mood-100ml-60g-mh\/","title":{"rendered":"PERFUME CAPILAR AE GLOW UP MOOD 100ML\/60G MH"},"content":{"rendered":"<p>O Desodorante Capilar Glow Up Mood combina perfuma\u00e7\u00e3o duradoura com um toque de brilho para os fios, ideal para deixar seu cabelo com uma fragr\u00e2ncia envolvente ao longo do dia, sem pesar, sem ressecar.<br \/>\nCom uma fragr\u00e2ncia floral frutal completa e envolvente, com sa\u00edda frutada de lichia e framboesa, corpo floral sofisticado de jasmim e gard\u00eania, e fundo quente e adocicado com notas de \u00e2mbar, caramelo e s\u00e2ndalo. Para quem quer leveza, brilho e perfume em cada movimento.<\/p>\n","protected":false},"excerpt":{"rendered":"<p>O Desodorante Capilar Glow Up Mood combina perfuma\u00e7\u00e3o duradoura com um toque de brilho para os fios, ideal para deixar seu cabelo com uma fragr\u00e2ncia envolvente ao longo do dia, sem pesar, sem ressecar. Com uma fragr\u00e2ncia floral frutal completa e envolvente, com sa\u00edda frutada de lichia e framboesa, corpo floral sofisticado de jasmim e [&#8230;]\n","protected":false},"featured_media":2025,"comment_status":"open","ping_status":"closed","template":"","meta":[],"product_brand":[97,95],"product_cat":[22,73],"product_tag":[],"class_list":{"0":"post-1927","1":"product","2":"type-product","3":"status-publish","4":"has-post-thumbnail","6":"product_brand-mood-care","7":"product_brand-my-health","8":"product_cat-men-care","9":"product_cat-linha-capilar","11":"first","12":"instock","13":"shipping-taxable","14":"product-type-simple"},"_links":{"self":[{"href":"https:\/\/myhealthbrasil.com.br\/en\/wp-json\/wp\/v2\/product\/1927","targetHints":{"allow":["GET"]}}],"collection":[{"href":"https:\/\/myhealthbrasil.com.br\/en\/wp-json\/wp\/v2\/product"}],"about":[{"href":"https:\/\/myhealthbrasil.com.br\/en\/wp-json\/wp\/v2\/types\/product"}],"replies":[{"embeddable":true,"href":"https:\/\/myhealthbrasil.com.br\/en\/wp-json\/wp\/v2\/comments?post=1927"}],"wp:featuredmedia":[{"embeddable":true,"href":"https:\/\/myhealthbrasil.com.br\/en\/wp-json\/wp\/v2\/media\/2025"}],"wp:attachment":[{"href":"https:\/\/myhealthbrasil.com.br\/en\/wp-json\/wp\/v2\/media?parent=1927"}],"wp:term":[{"taxonomy":"product_brand","embeddable":true,"href":"https:\/\/myhealthbrasil.com.br\/en\/wp-json\/wp\/v2\/product_brand?post=1927"},{"taxonomy":"product_cat","embeddable":true,"href":"https:\/\/myhealthbrasil.com.br\/en\/wp-json\/wp\/v2\/product_cat?post=1927"},{"taxonomy":"product_tag","embeddable":true,"href":"https:\/\/myhealthbrasil.com.br\/en\/wp-json\/wp\/v2\/product_tag?post=1927"}],"curies":[{"name":"wp","href":"https:\/\/api.w.org\/{rel}","templated":true}]}}