{"id":1926,"date":"2025-09-23T10:15:12","date_gmt":"2025-09-23T13:15:12","guid":{"rendered":"http:\/\/novo.myhealthbrasil.com.br\/?post_type=product&#038;p=1926"},"modified":"2026-01-24T00:46:59","modified_gmt":"2026-01-24T03:46:59","slug":"leave-in-10-em-1-spray-li-mood-100ml-mh","status":"publish","type":"product","link":"https:\/\/myhealthbrasil.com.br\/en\/produto\/leave-in-10-em-1-spray-li-mood-100ml-mh\/","title":{"rendered":"LEAVE-IN 10 EM 1 SPRAY LI MOOD 100ML MH"},"content":{"rendered":"<p>Leave-in Spray 10 em 1. Seu aliado di\u00e1rio para cabelos protegidos, saud\u00e1veis e radiantes. Com f\u00f3rmula multifuncional, ele entrega 10 benef\u00edcios essenciais em um s\u00f3 produto: Repara\u00e7\u00e3o instant\u00e2nea , Prote\u00e7\u00e3o t\u00e9rmica, Escudo antipolui\u00e7\u00e3o, A\u00e7\u00e3o antifrizz Recupera\u00e7\u00e3o dos fios danificados, Brilho espelhado, Facilidade no desembara\u00e7o, Boost de amino\u00e1cidos, Prote\u00e7\u00e3o da colora\u00e7\u00e3o, Toque aveludado.<\/p>\n","protected":false},"excerpt":{"rendered":"<p>Leave-in Spray 10 em 1. Seu aliado di\u00e1rio para cabelos protegidos, saud\u00e1veis e radiantes. Com f\u00f3rmula multifuncional, ele entrega 10 benef\u00edcios essenciais em um s\u00f3 produto: Repara\u00e7\u00e3o instant\u00e2nea , Prote\u00e7\u00e3o t\u00e9rmica, Escudo antipolui\u00e7\u00e3o, A\u00e7\u00e3o antifrizz Recupera\u00e7\u00e3o dos fios danificados, Brilho espelhado, Facilidade no desembara\u00e7o, Boost de amino\u00e1cidos, Prote\u00e7\u00e3o da colora\u00e7\u00e3o, Toque aveludado.<\/p>\n","protected":false},"featured_media":2021,"comment_status":"open","ping_status":"closed","template":"","meta":[],"product_brand":[97,95],"product_cat":[22,73],"product_tag":[],"class_list":{"0":"post-1926","1":"product","2":"type-product","3":"status-publish","4":"has-post-thumbnail","6":"product_brand-mood-care","7":"product_brand-my-health","8":"product_cat-men-care","9":"product_cat-linha-capilar","11":"first","12":"instock","13":"shipping-taxable","14":"product-type-simple"},"_links":{"self":[{"href":"https:\/\/myhealthbrasil.com.br\/en\/wp-json\/wp\/v2\/product\/1926","targetHints":{"allow":["GET"]}}],"collection":[{"href":"https:\/\/myhealthbrasil.com.br\/en\/wp-json\/wp\/v2\/product"}],"about":[{"href":"https:\/\/myhealthbrasil.com.br\/en\/wp-json\/wp\/v2\/types\/product"}],"replies":[{"embeddable":true,"href":"https:\/\/myhealthbrasil.com.br\/en\/wp-json\/wp\/v2\/comments?post=1926"}],"wp:featuredmedia":[{"embeddable":true,"href":"https:\/\/myhealthbrasil.com.br\/en\/wp-json\/wp\/v2\/media\/2021"}],"wp:attachment":[{"href":"https:\/\/myhealthbrasil.com.br\/en\/wp-json\/wp\/v2\/media?parent=1926"}],"wp:term":[{"taxonomy":"product_brand","embeddable":true,"href":"https:\/\/myhealthbrasil.com.br\/en\/wp-json\/wp\/v2\/product_brand?post=1926"},{"taxonomy":"product_cat","embeddable":true,"href":"https:\/\/myhealthbrasil.com.br\/en\/wp-json\/wp\/v2\/product_cat?post=1926"},{"taxonomy":"product_tag","embeddable":true,"href":"https:\/\/myhealthbrasil.com.br\/en\/wp-json\/wp\/v2\/product_tag?post=1926"}],"curies":[{"name":"wp","href":"https:\/\/api.w.org\/{rel}","templated":true}]}}