{"id":1921,"date":"2025-09-23T10:15:11","date_gmt":"2025-09-23T13:15:11","guid":{"rendered":"http:\/\/novo.myhealthbrasil.com.br\/?post_type=product&#038;p=1921"},"modified":"2026-04-14T17:45:32","modified_gmt":"2026-04-14T20:45:32","slug":"alcool-gel-70-50g-mh-2","status":"publish","type":"product","link":"https:\/\/myhealthbrasil.com.br\/en\/produto\/alcool-gel-70-50g-mh-2\/","title":{"rendered":"ALCOOL GEL 70% 50G MH"},"content":{"rendered":"<p>O \u00e1lcool gel antiss\u00e9ptico MY HEALTH foi desenvolvido para completar a limpeza das m\u00e3os. Possui amplo poder antiss\u00e9ptico, eliminando *99,9% das bact\u00e9rias. Com uma fragr\u00e2ncia suave, n\u00e3o resseca a pele e deixa uma sensa\u00e7\u00e3o de limpeza e toque aveludado ap\u00f3s a aplica\u00e7\u00e3o.<\/p>\n","protected":false},"excerpt":{"rendered":"<p>O \u00e1lcool gel antiss\u00e9ptico MY HEALTH foi desenvolvido para completar a limpeza das m\u00e3os. Possui amplo poder antiss\u00e9ptico, eliminando *99,9% das bact\u00e9rias. Com uma fragr\u00e2ncia suave, n\u00e3o resseca a pele e deixa uma sensa\u00e7\u00e3o de limpeza e toque aveludado ap\u00f3s a aplica\u00e7\u00e3o.<\/p>\n","protected":false},"featured_media":2086,"comment_status":"open","ping_status":"closed","template":"","meta":[],"product_brand":[97,95],"product_cat":[22,59],"product_tag":[],"class_list":{"0":"post-1921","1":"product","2":"type-product","3":"status-publish","4":"has-post-thumbnail","6":"product_brand-mood-care","7":"product_brand-my-health","8":"product_cat-men-care","9":"product_cat-linha-corporal","11":"first","12":"instock","13":"shipping-taxable","14":"product-type-simple"},"_links":{"self":[{"href":"https:\/\/myhealthbrasil.com.br\/en\/wp-json\/wp\/v2\/product\/1921","targetHints":{"allow":["GET"]}}],"collection":[{"href":"https:\/\/myhealthbrasil.com.br\/en\/wp-json\/wp\/v2\/product"}],"about":[{"href":"https:\/\/myhealthbrasil.com.br\/en\/wp-json\/wp\/v2\/types\/product"}],"replies":[{"embeddable":true,"href":"https:\/\/myhealthbrasil.com.br\/en\/wp-json\/wp\/v2\/comments?post=1921"}],"wp:featuredmedia":[{"embeddable":true,"href":"https:\/\/myhealthbrasil.com.br\/en\/wp-json\/wp\/v2\/media\/2086"}],"wp:attachment":[{"href":"https:\/\/myhealthbrasil.com.br\/en\/wp-json\/wp\/v2\/media?parent=1921"}],"wp:term":[{"taxonomy":"product_brand","embeddable":true,"href":"https:\/\/myhealthbrasil.com.br\/en\/wp-json\/wp\/v2\/product_brand?post=1921"},{"taxonomy":"product_cat","embeddable":true,"href":"https:\/\/myhealthbrasil.com.br\/en\/wp-json\/wp\/v2\/product_cat?post=1921"},{"taxonomy":"product_tag","embeddable":true,"href":"https:\/\/myhealthbrasil.com.br\/en\/wp-json\/wp\/v2\/product_tag?post=1921"}],"curies":[{"name":"wp","href":"https:\/\/api.w.org\/{rel}","templated":true}]}}