{"id":1919,"date":"2025-09-23T10:15:09","date_gmt":"2025-09-23T13:15:09","guid":{"rendered":"http:\/\/novo.myhealthbrasil.com.br\/?post_type=product&#038;p=1919"},"modified":"2026-01-14T12:06:51","modified_gmt":"2026-01-14T15:06:51","slug":"alcool-gel-70-430g-mh-2","status":"publish","type":"product","link":"https:\/\/myhealthbrasil.com.br\/en\/produto\/alcool-gel-70-430g-mh-2\/","title":{"rendered":"ALCOOL GEL 70% 430G MH"},"content":{"rendered":"<h3><strong>COMPOSI\u00c7\u00c3O:<\/strong> ALCOHOL (\u00c1LCOOL ET\u00cdLICO), AQUA (\u00c1GUA), GLYCERIN (GLICEROL), ACRYLATES\/C10-30 ALKYL ACRYLATE CROSSPOLYMER (CROSPOL\u00cdMERO DE ACRILATOS\/ACRILATO DE ALQUILA C10-30), PARFUM (PERFUME), AMINOMETHYL PROPANOL (AMINOMETILPROPANOL), TRICLOSAN (TRICLOSANA), DENATONIUM BENZOATE (BENZOATO DE DENAT\u00d4NIO), BUTYLPHENYL METHYLPROPIONAL (BUTILFENIL METILPROPIONAL), LINALOOL (LINALOL)<\/h3>\n<h3><strong>MODO DE USAR:<\/strong> Aplicar uma pequena quantidade do produto nas m\u00e3os limpas e secas. Espalhe at\u00e9 total absor\u00e7\u00e3o.<\/h3>\n<h3><strong>PRECAU\u00c7\u00d5ES:<\/strong> Uso externo. Perigo, produto inflam\u00e1vel. Manter afastado do fogo e do calor. Conservar \u00e0 temperatura ambiente. Este produto n\u00e3o substitui lavagem com sab\u00e3o e \u00e1gua. Aten\u00e7\u00e3o: Evitar contato com os olhos e mucosa. Em caso de irrita\u00e7\u00e3o suspenda o uso e procure orienta\u00e7\u00e3o m\u00e9dica. N\u00e3o ingerir. N\u00e3o perfurar a tampa. N\u00e3o derramar sobre o fogo. Em caso de ingest\u00e3o, n\u00e3o provocar v\u00f4mito e consultar imediatamente o servi\u00e7o de sa\u00fade ou centro de intoxica\u00e7\u00f5es mais pr\u00f3ximo. Produto de uso adulto. Telefone de emerg\u00eancia: 0800 014 8110\/0800 722 6001. Em caso de queimadura, lavar a \u00e1rea com \u00e1gua corrente. A FDS do produto se encontra pelo telefone 41 3265-7730.<\/h3>\n","protected":false},"excerpt":{"rendered":"<p>O \u00e1lcool gel antiss\u00e9ptico MY HEALTH foi desenvolvido para completar a limpeza das m\u00e3os. Possui amplo poder antiss\u00e9ptico, eliminando *99,9% das bact\u00e9rias. Com uma fragr\u00e2ncia suave, n\u00e3o resseca a pele e deixa uma sensa\u00e7\u00e3o de limpeza e toque aveludado ap\u00f3s a aplica\u00e7\u00e3o.<\/p>\n","protected":false},"featured_media":2139,"comment_status":"open","ping_status":"closed","template":"","meta":[],"product_brand":[97,95],"product_cat":[22,59],"product_tag":[],"class_list":{"0":"post-1919","1":"product","2":"type-product","3":"status-publish","4":"has-post-thumbnail","6":"product_brand-mood-care","7":"product_brand-my-health","8":"product_cat-men-care","9":"product_cat-linha-corporal","11":"first","12":"instock","13":"shipping-taxable","14":"product-type-simple"},"_links":{"self":[{"href":"https:\/\/myhealthbrasil.com.br\/en\/wp-json\/wp\/v2\/product\/1919","targetHints":{"allow":["GET"]}}],"collection":[{"href":"https:\/\/myhealthbrasil.com.br\/en\/wp-json\/wp\/v2\/product"}],"about":[{"href":"https:\/\/myhealthbrasil.com.br\/en\/wp-json\/wp\/v2\/types\/product"}],"replies":[{"embeddable":true,"href":"https:\/\/myhealthbrasil.com.br\/en\/wp-json\/wp\/v2\/comments?post=1919"}],"wp:featuredmedia":[{"embeddable":true,"href":"https:\/\/myhealthbrasil.com.br\/en\/wp-json\/wp\/v2\/media\/2139"}],"wp:attachment":[{"href":"https:\/\/myhealthbrasil.com.br\/en\/wp-json\/wp\/v2\/media?parent=1919"}],"wp:term":[{"taxonomy":"product_brand","embeddable":true,"href":"https:\/\/myhealthbrasil.com.br\/en\/wp-json\/wp\/v2\/product_brand?post=1919"},{"taxonomy":"product_cat","embeddable":true,"href":"https:\/\/myhealthbrasil.com.br\/en\/wp-json\/wp\/v2\/product_cat?post=1919"},{"taxonomy":"product_tag","embeddable":true,"href":"https:\/\/myhealthbrasil.com.br\/en\/wp-json\/wp\/v2\/product_tag?post=1919"}],"curies":[{"name":"wp","href":"https:\/\/api.w.org\/{rel}","templated":true}]}}