{"id":1917,"date":"2025-09-23T10:15:09","date_gmt":"2025-09-23T13:15:09","guid":{"rendered":"http:\/\/novo.myhealthbrasil.com.br\/?post_type=product&#038;p=1917"},"modified":"2026-03-23T03:25:52","modified_gmt":"2026-03-23T06:25:52","slug":"repelente-de-insetos-family-repellere-100ml-mh","status":"publish","type":"product","link":"https:\/\/myhealthbrasil.com.br\/en\/produto\/repelente-de-insetos-family-repellere-100ml-mh\/","title":{"rendered":"REPELENTE DE INSETOS FAMILY REPELLERE 100ML MH"},"content":{"rendered":"<p>Sua f\u00f3rmula n\u00e3o oleosa, protege por at\u00e9 4 horas, garante prote\u00e7\u00e3o contra mosquitos, inclusive contra o Aedes aegypti, mosquito que pode transmitir o Zika v\u00edrus, a dengue, a febre Chikungunya e a febre amarela.<\/p>\n","protected":false},"excerpt":{"rendered":"<p>Sua f\u00f3rmula n\u00e3o oleosa, protege por at\u00e9 4 horas, garante prote\u00e7\u00e3o contra mosquitos, inclusive contra o Aedes aegypti, mosquito que pode transmitir o Zika v\u00edrus, a dengue, a febre Chikungunya e a febre amarela.<\/p>\n","protected":false},"featured_media":2135,"comment_status":"open","ping_status":"closed","template":"","meta":[],"product_brand":[95,99],"product_cat":[59],"product_tag":[],"class_list":{"0":"post-1917","1":"product","2":"type-product","3":"status-publish","4":"has-post-thumbnail","6":"product_brand-my-health","7":"product_brand-repellere","8":"product_cat-linha-corporal","10":"first","11":"instock","12":"shipping-taxable","13":"product-type-simple"},"_links":{"self":[{"href":"https:\/\/myhealthbrasil.com.br\/en\/wp-json\/wp\/v2\/product\/1917","targetHints":{"allow":["GET"]}}],"collection":[{"href":"https:\/\/myhealthbrasil.com.br\/en\/wp-json\/wp\/v2\/product"}],"about":[{"href":"https:\/\/myhealthbrasil.com.br\/en\/wp-json\/wp\/v2\/types\/product"}],"replies":[{"embeddable":true,"href":"https:\/\/myhealthbrasil.com.br\/en\/wp-json\/wp\/v2\/comments?post=1917"}],"wp:featuredmedia":[{"embeddable":true,"href":"https:\/\/myhealthbrasil.com.br\/en\/wp-json\/wp\/v2\/media\/2135"}],"wp:attachment":[{"href":"https:\/\/myhealthbrasil.com.br\/en\/wp-json\/wp\/v2\/media?parent=1917"}],"wp:term":[{"taxonomy":"product_brand","embeddable":true,"href":"https:\/\/myhealthbrasil.com.br\/en\/wp-json\/wp\/v2\/product_brand?post=1917"},{"taxonomy":"product_cat","embeddable":true,"href":"https:\/\/myhealthbrasil.com.br\/en\/wp-json\/wp\/v2\/product_cat?post=1917"},{"taxonomy":"product_tag","embeddable":true,"href":"https:\/\/myhealthbrasil.com.br\/en\/wp-json\/wp\/v2\/product_tag?post=1917"}],"curies":[{"name":"wp","href":"https:\/\/api.w.org\/{rel}","templated":true}]}}