{"id":1914,"date":"2025-09-23T10:15:09","date_gmt":"2025-09-23T13:15:09","guid":{"rendered":"http:\/\/novo.myhealthbrasil.com.br\/?post_type=product&#038;p=1914"},"modified":"2026-01-14T10:19:49","modified_gmt":"2026-01-14T13:19:49","slug":"repelente-de-insetos-ae-repellere-150ml-mh","status":"publish","type":"product","link":"https:\/\/myhealthbrasil.com.br\/en\/produto\/repelente-de-insetos-ae-repellere-150ml-mh\/","title":{"rendered":"REPELENTE DE INSETOS AE REPELLERE 150ML MH"},"content":{"rendered":"<p>Altamente efetivo contra v\u00e1rios insetos como mosquitos e pernilongos. Sua f\u00f3rmula dermatologicamente testada \u00e9 Oil Free e com Vitamina E, que ajuda hidratara pele. Uso de dia e de noite, principalmente em atividades ao ar livre.<\/p>\n","protected":false},"excerpt":{"rendered":"<p>Altamente efetivo contra v\u00e1rios insetos como mosquitos e pernilongos. Sua f\u00f3rmula dermatologicamente testada \u00e9 Oil Free e com Vitamina E, que ajuda hidratara pele. Uso de dia e de noite, principalmente em atividades ao ar livre.<\/p>\n","protected":false},"featured_media":2096,"comment_status":"open","ping_status":"closed","template":"","meta":[],"product_brand":[95,99],"product_cat":[59],"product_tag":[],"class_list":{"0":"post-1914","1":"product","2":"type-product","3":"status-publish","4":"has-post-thumbnail","6":"product_brand-my-health","7":"product_brand-repellere","8":"product_cat-linha-corporal","10":"first","11":"instock","12":"shipping-taxable","13":"product-type-simple"},"_links":{"self":[{"href":"https:\/\/myhealthbrasil.com.br\/en\/wp-json\/wp\/v2\/product\/1914","targetHints":{"allow":["GET"]}}],"collection":[{"href":"https:\/\/myhealthbrasil.com.br\/en\/wp-json\/wp\/v2\/product"}],"about":[{"href":"https:\/\/myhealthbrasil.com.br\/en\/wp-json\/wp\/v2\/types\/product"}],"replies":[{"embeddable":true,"href":"https:\/\/myhealthbrasil.com.br\/en\/wp-json\/wp\/v2\/comments?post=1914"}],"wp:featuredmedia":[{"embeddable":true,"href":"https:\/\/myhealthbrasil.com.br\/en\/wp-json\/wp\/v2\/media\/2096"}],"wp:attachment":[{"href":"https:\/\/myhealthbrasil.com.br\/en\/wp-json\/wp\/v2\/media?parent=1914"}],"wp:term":[{"taxonomy":"product_brand","embeddable":true,"href":"https:\/\/myhealthbrasil.com.br\/en\/wp-json\/wp\/v2\/product_brand?post=1914"},{"taxonomy":"product_cat","embeddable":true,"href":"https:\/\/myhealthbrasil.com.br\/en\/wp-json\/wp\/v2\/product_cat?post=1914"},{"taxonomy":"product_tag","embeddable":true,"href":"https:\/\/myhealthbrasil.com.br\/en\/wp-json\/wp\/v2\/product_tag?post=1914"}],"curies":[{"name":"wp","href":"https:\/\/api.w.org\/{rel}","templated":true}]}}