{"id":1912,"date":"2025-09-23T10:15:08","date_gmt":"2025-09-23T13:15:08","guid":{"rendered":"http:\/\/novo.myhealthbrasil.com.br\/?post_type=product&#038;p=1912"},"modified":"2026-01-14T12:10:02","modified_gmt":"2026-01-14T15:10:02","slug":"gelo-spray-ae-alivi-ice-280ml-mh","status":"publish","type":"product","link":"https:\/\/myhealthbrasil.com.br\/en\/produto\/gelo-spray-ae-alivi-ice-280ml-mh\/","title":{"rendered":"GELO SPRAY AE ALIVI ICE 280ML MH"},"content":{"rendered":"<p>O GELO SPRAY ALIVI ICE \u00e9 um produto desenvolvido para os praticantes de esportes. Seus ativos naturais, arnica, c\u00e2nfora e mentol atuam no al\u00edvio imediato da dor e do incha\u00e7o causados por contus\u00f5es, tor\u00e7\u00f5es e luxa\u00e7\u00f5es, traumas, pancadas, dores musculares, estiramentos e processos dolorosos em geral.<\/p>\n","protected":false},"excerpt":{"rendered":"<p>O GELO SPRAY ALIVI ICE \u00e9 um produto desenvolvido para os praticantes de esportes. Seus ativos naturais, arnica, c\u00e2nfora e mentol atuam no al\u00edvio imediato da dor e do incha\u00e7o causados por contus\u00f5es, tor\u00e7\u00f5es e luxa\u00e7\u00f5es, traumas, pancadas, dores musculares, estiramentos e processos dolorosos em geral.<\/p>\n","protected":false},"featured_media":2143,"comment_status":"open","ping_status":"closed","template":"","meta":[],"product_brand":[96,95],"product_cat":[59],"product_tag":[],"class_list":{"0":"post-1912","1":"product","2":"type-product","3":"status-publish","4":"has-post-thumbnail","6":"product_brand-alivi","7":"product_brand-my-health","8":"product_cat-linha-corporal","10":"first","11":"instock","12":"shipping-taxable","13":"product-type-simple"},"_links":{"self":[{"href":"https:\/\/myhealthbrasil.com.br\/en\/wp-json\/wp\/v2\/product\/1912","targetHints":{"allow":["GET"]}}],"collection":[{"href":"https:\/\/myhealthbrasil.com.br\/en\/wp-json\/wp\/v2\/product"}],"about":[{"href":"https:\/\/myhealthbrasil.com.br\/en\/wp-json\/wp\/v2\/types\/product"}],"replies":[{"embeddable":true,"href":"https:\/\/myhealthbrasil.com.br\/en\/wp-json\/wp\/v2\/comments?post=1912"}],"wp:featuredmedia":[{"embeddable":true,"href":"https:\/\/myhealthbrasil.com.br\/en\/wp-json\/wp\/v2\/media\/2143"}],"wp:attachment":[{"href":"https:\/\/myhealthbrasil.com.br\/en\/wp-json\/wp\/v2\/media?parent=1912"}],"wp:term":[{"taxonomy":"product_brand","embeddable":true,"href":"https:\/\/myhealthbrasil.com.br\/en\/wp-json\/wp\/v2\/product_brand?post=1912"},{"taxonomy":"product_cat","embeddable":true,"href":"https:\/\/myhealthbrasil.com.br\/en\/wp-json\/wp\/v2\/product_cat?post=1912"},{"taxonomy":"product_tag","embeddable":true,"href":"https:\/\/myhealthbrasil.com.br\/en\/wp-json\/wp\/v2\/product_tag?post=1912"}],"curies":[{"name":"wp","href":"https:\/\/api.w.org\/{rel}","templated":true}]}}