{"id":1911,"date":"2025-09-23T10:15:08","date_gmt":"2025-09-23T13:15:08","guid":{"rendered":"http:\/\/novo.myhealthbrasil.com.br\/?post_type=product&#038;p=1911"},"modified":"2026-01-14T12:09:17","modified_gmt":"2026-01-14T15:09:17","slug":"mousse-efervescente-ae-alivi-150ml-mh","status":"publish","type":"product","link":"https:\/\/myhealthbrasil.com.br\/en\/produto\/mousse-efervescente-ae-alivi-150ml-mh\/","title":{"rendered":"MOUSSE EFERVESCENTE AE ALIVI 150ML MH"},"content":{"rendered":"<p>O mousse efervescente Alivi \u00e9 um produto desenvolvido para os praticantes de esportes, seus componentes atuam auxiliando no alivio das tens\u00f5es musculares, proporcionando uma sensa\u00e7\u00e3o de conforto e frescor, contribuindo para a recupera\u00e7\u00e3o nas \u00e1reas aplicadas.<\/p>\n","protected":false},"excerpt":{"rendered":"<p>O mousse efervescente Alivi \u00e9 um produto desenvolvido para os praticantes de esportes, seus componentes atuam auxiliando no alivio das tens\u00f5es musculares, proporcionando uma sensa\u00e7\u00e3o de conforto e frescor, contribuindo para a recupera\u00e7\u00e3o nas \u00e1reas aplicadas.<\/p>\n","protected":false},"featured_media":2141,"comment_status":"open","ping_status":"closed","template":"","meta":[],"product_brand":[96,95],"product_cat":[59],"product_tag":[],"class_list":{"0":"post-1911","1":"product","2":"type-product","3":"status-publish","4":"has-post-thumbnail","6":"product_brand-alivi","7":"product_brand-my-health","8":"product_cat-linha-corporal","10":"first","11":"instock","12":"shipping-taxable","13":"product-type-simple"},"_links":{"self":[{"href":"https:\/\/myhealthbrasil.com.br\/en\/wp-json\/wp\/v2\/product\/1911","targetHints":{"allow":["GET"]}}],"collection":[{"href":"https:\/\/myhealthbrasil.com.br\/en\/wp-json\/wp\/v2\/product"}],"about":[{"href":"https:\/\/myhealthbrasil.com.br\/en\/wp-json\/wp\/v2\/types\/product"}],"replies":[{"embeddable":true,"href":"https:\/\/myhealthbrasil.com.br\/en\/wp-json\/wp\/v2\/comments?post=1911"}],"wp:featuredmedia":[{"embeddable":true,"href":"https:\/\/myhealthbrasil.com.br\/en\/wp-json\/wp\/v2\/media\/2141"}],"wp:attachment":[{"href":"https:\/\/myhealthbrasil.com.br\/en\/wp-json\/wp\/v2\/media?parent=1911"}],"wp:term":[{"taxonomy":"product_brand","embeddable":true,"href":"https:\/\/myhealthbrasil.com.br\/en\/wp-json\/wp\/v2\/product_brand?post=1911"},{"taxonomy":"product_cat","embeddable":true,"href":"https:\/\/myhealthbrasil.com.br\/en\/wp-json\/wp\/v2\/product_cat?post=1911"},{"taxonomy":"product_tag","embeddable":true,"href":"https:\/\/myhealthbrasil.com.br\/en\/wp-json\/wp\/v2\/product_tag?post=1911"}],"curies":[{"name":"wp","href":"https:\/\/api.w.org\/{rel}","templated":true}]}}