{"id":1909,"date":"2025-09-23T10:15:07","date_gmt":"2025-09-23T13:15:07","guid":{"rendered":"http:\/\/novo.myhealthbrasil.com.br\/?post_type=product&#038;p=1909"},"modified":"2026-01-14T12:12:02","modified_gmt":"2026-01-14T15:12:02","slug":"desodorante-para-pes-ae-mood-150ml-mh-rosa","status":"publish","type":"product","link":"https:\/\/myhealthbrasil.com.br\/en\/produto\/desodorante-para-pes-ae-mood-150ml-mh-rosa\/","title":{"rendered":"DESODORANTE PARA PES AE MOOD 150ML MH  &#8211; ROSA"},"content":{"rendered":"<p>O desodorante para p\u00e9s MOOD CARE CONTROL foi desenvolvido para o uso di\u00e1rio na preven\u00e7\u00e3o do mau odor nos p\u00e9s e sapatos. Com jato seco, ele \u00e9 rapidamente absorvido e n\u00e3o deixa res\u00edduos vis\u00edveis.<\/p>\n","protected":false},"excerpt":{"rendered":"<p>O desodorante para p\u00e9s MOOD CARE CONTROL foi desenvolvido para o uso di\u00e1rio na preven\u00e7\u00e3o do mau odor nos p\u00e9s e sapatos. Com jato seco, ele \u00e9 rapidamente absorvido e n\u00e3o deixa res\u00edduos vis\u00edveis.<\/p>\n","protected":false},"featured_media":2147,"comment_status":"open","ping_status":"closed","template":"","meta":[],"product_brand":[97,95],"product_cat":[59],"product_tag":[],"class_list":{"0":"post-1909","1":"product","2":"type-product","3":"status-publish","4":"has-post-thumbnail","6":"product_brand-mood-care","7":"product_brand-my-health","8":"product_cat-linha-corporal","10":"first","11":"instock","12":"shipping-taxable","13":"product-type-simple"},"_links":{"self":[{"href":"https:\/\/myhealthbrasil.com.br\/en\/wp-json\/wp\/v2\/product\/1909","targetHints":{"allow":["GET"]}}],"collection":[{"href":"https:\/\/myhealthbrasil.com.br\/en\/wp-json\/wp\/v2\/product"}],"about":[{"href":"https:\/\/myhealthbrasil.com.br\/en\/wp-json\/wp\/v2\/types\/product"}],"replies":[{"embeddable":true,"href":"https:\/\/myhealthbrasil.com.br\/en\/wp-json\/wp\/v2\/comments?post=1909"}],"wp:featuredmedia":[{"embeddable":true,"href":"https:\/\/myhealthbrasil.com.br\/en\/wp-json\/wp\/v2\/media\/2147"}],"wp:attachment":[{"href":"https:\/\/myhealthbrasil.com.br\/en\/wp-json\/wp\/v2\/media?parent=1909"}],"wp:term":[{"taxonomy":"product_brand","embeddable":true,"href":"https:\/\/myhealthbrasil.com.br\/en\/wp-json\/wp\/v2\/product_brand?post=1909"},{"taxonomy":"product_cat","embeddable":true,"href":"https:\/\/myhealthbrasil.com.br\/en\/wp-json\/wp\/v2\/product_cat?post=1909"},{"taxonomy":"product_tag","embeddable":true,"href":"https:\/\/myhealthbrasil.com.br\/en\/wp-json\/wp\/v2\/product_tag?post=1909"}],"curies":[{"name":"wp","href":"https:\/\/api.w.org\/{rel}","templated":true}]}}