{"id":1902,"date":"2025-09-23T10:15:06","date_gmt":"2025-09-23T13:15:06","guid":{"rendered":"http:\/\/novo.myhealthbrasil.com.br\/?post_type=product&#038;p=1902"},"modified":"2026-01-15T09:49:28","modified_gmt":"2026-01-15T12:49:28","slug":"fixador-ae-normal-mood-200ml-mh","status":"publish","type":"product","link":"https:\/\/myhealthbrasil.com.br\/en\/produto\/fixador-ae-normal-mood-200ml-mh\/","title":{"rendered":"FIXADOR AE NORMAL MOOD 200ML MH"},"content":{"rendered":"<p>O Hair Spray MOOD CARE \u00e9 ideal para \ufb01nalizar a \ufb01xa\u00e7\u00e3o de uma escova modeladora. Com \ufb01xa\u00e7\u00e3o normal, sua f\u00f3rmula de alta performance seca r\u00e1pido, n\u00e3o deixa res\u00edduos, n\u00e3o resseca e mant\u00e9m um aspecto natural dos cabelos. Possui a\u00e7\u00e3o antiumidade, o que mant\u00e9m o seu penteado por muito mais tempo.<\/p>\n","protected":false},"excerpt":{"rendered":"<p>O Hair Spray MOOD CARE \u00e9 ideal para \ufb01nalizar a \ufb01xa\u00e7\u00e3o de uma escova modeladora. Com \ufb01xa\u00e7\u00e3o normal, sua f\u00f3rmula de alta performance seca r\u00e1pido, n\u00e3o deixa res\u00edduos, n\u00e3o resseca e mant\u00e9m um aspecto natural dos cabelos. Possui a\u00e7\u00e3o antiumidade, o que mant\u00e9m o seu penteado por muito mais tempo.<\/p>\n","protected":false},"featured_media":2297,"comment_status":"open","ping_status":"closed","template":"","meta":[],"product_brand":[97,95],"product_cat":[22,73],"product_tag":[],"class_list":{"0":"post-1902","1":"product","2":"type-product","3":"status-publish","4":"has-post-thumbnail","6":"product_brand-mood-care","7":"product_brand-my-health","8":"product_cat-men-care","9":"product_cat-linha-capilar","11":"first","12":"instock","13":"shipping-taxable","14":"product-type-simple"},"_links":{"self":[{"href":"https:\/\/myhealthbrasil.com.br\/en\/wp-json\/wp\/v2\/product\/1902","targetHints":{"allow":["GET"]}}],"collection":[{"href":"https:\/\/myhealthbrasil.com.br\/en\/wp-json\/wp\/v2\/product"}],"about":[{"href":"https:\/\/myhealthbrasil.com.br\/en\/wp-json\/wp\/v2\/types\/product"}],"replies":[{"embeddable":true,"href":"https:\/\/myhealthbrasil.com.br\/en\/wp-json\/wp\/v2\/comments?post=1902"}],"wp:featuredmedia":[{"embeddable":true,"href":"https:\/\/myhealthbrasil.com.br\/en\/wp-json\/wp\/v2\/media\/2297"}],"wp:attachment":[{"href":"https:\/\/myhealthbrasil.com.br\/en\/wp-json\/wp\/v2\/media?parent=1902"}],"wp:term":[{"taxonomy":"product_brand","embeddable":true,"href":"https:\/\/myhealthbrasil.com.br\/en\/wp-json\/wp\/v2\/product_brand?post=1902"},{"taxonomy":"product_cat","embeddable":true,"href":"https:\/\/myhealthbrasil.com.br\/en\/wp-json\/wp\/v2\/product_cat?post=1902"},{"taxonomy":"product_tag","embeddable":true,"href":"https:\/\/myhealthbrasil.com.br\/en\/wp-json\/wp\/v2\/product_tag?post=1902"}],"curies":[{"name":"wp","href":"https:\/\/api.w.org\/{rel}","templated":true}]}}