{"id":1899,"date":"2025-09-23T10:15:04","date_gmt":"2025-09-23T13:15:04","guid":{"rendered":"http:\/\/novo.myhealthbrasil.com.br\/?post_type=product&#038;p=1899"},"modified":"2026-01-14T12:22:52","modified_gmt":"2026-01-14T15:22:52","slug":"fixador-de-maquiagem-ae-mood-150ml-mh","status":"publish","type":"product","link":"https:\/\/myhealthbrasil.com.br\/en\/produto\/fixador-de-maquiagem-ae-mood-150ml-mh\/","title":{"rendered":"FIXADOR DE MAQUIAGEM AE MOOD 150ML MH"},"content":{"rendered":"<p>O Fixador de Maquiagem MOOD CARE permite maior fixa\u00e7\u00e3o e durabilidade da sua maquiagem, em todos os tipos de peles. Aumenta a sensa\u00e7\u00e3o de conforto e seguran\u00e7a e o melhor, tem toque seco e n\u00e3o deixa a pele oleosa.<\/p>\n","protected":false},"excerpt":{"rendered":"<p>O Fixador de Maquiagem MOOD CARE permite maior fixa\u00e7\u00e3o e durabilidade da sua maquiagem, em todos os tipos de peles. Aumenta a sensa\u00e7\u00e3o de conforto e seguran\u00e7a e o melhor, tem toque seco e n\u00e3o deixa a pele oleosa.<\/p>\n","protected":false},"featured_media":2163,"comment_status":"open","ping_status":"closed","template":"","meta":[],"product_brand":[97,95],"product_cat":[22,59],"product_tag":[],"class_list":{"0":"post-1899","1":"product","2":"type-product","3":"status-publish","4":"has-post-thumbnail","6":"product_brand-mood-care","7":"product_brand-my-health","8":"product_cat-men-care","9":"product_cat-linha-corporal","11":"first","12":"instock","13":"shipping-taxable","14":"product-type-simple"},"_links":{"self":[{"href":"https:\/\/myhealthbrasil.com.br\/en\/wp-json\/wp\/v2\/product\/1899","targetHints":{"allow":["GET"]}}],"collection":[{"href":"https:\/\/myhealthbrasil.com.br\/en\/wp-json\/wp\/v2\/product"}],"about":[{"href":"https:\/\/myhealthbrasil.com.br\/en\/wp-json\/wp\/v2\/types\/product"}],"replies":[{"embeddable":true,"href":"https:\/\/myhealthbrasil.com.br\/en\/wp-json\/wp\/v2\/comments?post=1899"}],"wp:featuredmedia":[{"embeddable":true,"href":"https:\/\/myhealthbrasil.com.br\/en\/wp-json\/wp\/v2\/media\/2163"}],"wp:attachment":[{"href":"https:\/\/myhealthbrasil.com.br\/en\/wp-json\/wp\/v2\/media?parent=1899"}],"wp:term":[{"taxonomy":"product_brand","embeddable":true,"href":"https:\/\/myhealthbrasil.com.br\/en\/wp-json\/wp\/v2\/product_brand?post=1899"},{"taxonomy":"product_cat","embeddable":true,"href":"https:\/\/myhealthbrasil.com.br\/en\/wp-json\/wp\/v2\/product_cat?post=1899"},{"taxonomy":"product_tag","embeddable":true,"href":"https:\/\/myhealthbrasil.com.br\/en\/wp-json\/wp\/v2\/product_tag?post=1899"}],"curies":[{"name":"wp","href":"https:\/\/api.w.org\/{rel}","templated":true}]}}