{"id":1896,"date":"2025-09-23T10:15:03","date_gmt":"2025-09-23T13:15:03","guid":{"rendered":"http:\/\/novo.myhealthbrasil.com.br\/?post_type=product&#038;p=1896"},"modified":"2026-01-14T12:35:34","modified_gmt":"2026-01-14T15:35:34","slug":"shampoo-a-seco-berries-mood-150ml-mh","status":"publish","type":"product","link":"https:\/\/myhealthbrasil.com.br\/en\/produto\/shampoo-a-seco-berries-mood-150ml-mh\/","title":{"rendered":"SHAMPOO A SECO BERRIES MOOD 150ML MH"},"content":{"rendered":"<p>O Shampoo a Seco Mood Care \u00e9 perfeito para aqueles dias em que voc\u00ea n\u00e3o tem tempo para lavar os cabelos. Com uma f\u00f3rmula exclusiva, cuidadosamente elaborada, \u00e9 pr\u00e1tico e permite remover a oleosidade dos cabelos entre as lavagens, renova o aspecto dos fios sem agredi-los e promove a sensa\u00e7\u00e3o de limpeza, al\u00e9m de deixar os cabelos soltos com um perfume agrad\u00e1vel e revitalizados instantaneamente. Indicado para todos os tipos de cabelos, proporciona um efeito como se estivesse rec\u00e9m lavado sem deixar res\u00edduos brancos na raiz.<\/p>\n","protected":false},"excerpt":{"rendered":"<p>O Shampoo a Seco Mood Care \u00e9 perfeito para aqueles dias em que voc\u00ea n\u00e3o tem tempo para lavar os cabelos. Com uma f\u00f3rmula exclusiva, cuidadosamente elaborada, \u00e9 pr\u00e1tico e permite remover a oleosidade dos cabelos entre as lavagens, renova o aspecto dos fios sem agredi-los e promove a sensa\u00e7\u00e3o de limpeza, al\u00e9m de deixar [&#8230;]\n","protected":false},"featured_media":2182,"comment_status":"open","ping_status":"closed","template":"","meta":[],"product_brand":[97,95],"product_cat":[22,73],"product_tag":[],"class_list":{"0":"post-1896","1":"product","2":"type-product","3":"status-publish","4":"has-post-thumbnail","6":"product_brand-mood-care","7":"product_brand-my-health","8":"product_cat-men-care","9":"product_cat-linha-capilar","11":"first","12":"instock","13":"shipping-taxable","14":"product-type-simple"},"_links":{"self":[{"href":"https:\/\/myhealthbrasil.com.br\/en\/wp-json\/wp\/v2\/product\/1896","targetHints":{"allow":["GET"]}}],"collection":[{"href":"https:\/\/myhealthbrasil.com.br\/en\/wp-json\/wp\/v2\/product"}],"about":[{"href":"https:\/\/myhealthbrasil.com.br\/en\/wp-json\/wp\/v2\/types\/product"}],"replies":[{"embeddable":true,"href":"https:\/\/myhealthbrasil.com.br\/en\/wp-json\/wp\/v2\/comments?post=1896"}],"wp:featuredmedia":[{"embeddable":true,"href":"https:\/\/myhealthbrasil.com.br\/en\/wp-json\/wp\/v2\/media\/2182"}],"wp:attachment":[{"href":"https:\/\/myhealthbrasil.com.br\/en\/wp-json\/wp\/v2\/media?parent=1896"}],"wp:term":[{"taxonomy":"product_brand","embeddable":true,"href":"https:\/\/myhealthbrasil.com.br\/en\/wp-json\/wp\/v2\/product_brand?post=1896"},{"taxonomy":"product_cat","embeddable":true,"href":"https:\/\/myhealthbrasil.com.br\/en\/wp-json\/wp\/v2\/product_cat?post=1896"},{"taxonomy":"product_tag","embeddable":true,"href":"https:\/\/myhealthbrasil.com.br\/en\/wp-json\/wp\/v2\/product_tag?post=1896"}],"curies":[{"name":"wp","href":"https:\/\/api.w.org\/{rel}","templated":true}]}}