{"id":1887,"date":"2025-09-23T10:15:01","date_gmt":"2025-09-23T13:15:01","guid":{"rendered":"http:\/\/novo.myhealthbrasil.com.br\/?post_type=product&#038;p=1887"},"modified":"2026-01-13T12:22:15","modified_gmt":"2026-01-13T15:22:15","slug":"agua-termal-ae-mood-150ml-mh","status":"publish","type":"product","link":"https:\/\/myhealthbrasil.com.br\/en\/produto\/agua-termal-ae-mood-150ml-mh\/","title":{"rendered":"AGUA TERMAL AE MOOD 150ML MH"},"content":{"rendered":"<p>A \u00c1GUA TERMAL MOOD CARE possui propriedades naturalmente suavizantes e fortificantes, sendo indicada para todos os tipos de peles, especialmente para peles sens\u00edveis. DICA: Acalma e refresca a pele p\u00f3s depila\u00e7\u00e3o ou barbear. Previne o envelhecimento cut\u00e2neo. Preparo da pele pr\u00e9 maquiagem.<\/p>\n","protected":false},"excerpt":{"rendered":"<p>A \u00c1GUA TERMAL MOOD CARE possui propriedades naturalmente suavizantes e fortificantes, sendo indicada para todos os tipos de peles, especialmente para peles sens\u00edveis. DICA: Acalma e refresca a pele p\u00f3s depila\u00e7\u00e3o ou barbear. Previne o envelhecimento cut\u00e2neo. Preparo da pele pr\u00e9 maquiagem.<\/p>\n","protected":false},"featured_media":2064,"comment_status":"open","ping_status":"closed","template":"","meta":[],"product_brand":[97,95],"product_cat":[59],"product_tag":[],"class_list":{"0":"post-1887","1":"product","2":"type-product","3":"status-publish","4":"has-post-thumbnail","6":"product_brand-mood-care","7":"product_brand-my-health","8":"product_cat-linha-corporal","10":"first","11":"instock","12":"shipping-taxable","13":"product-type-simple"},"_links":{"self":[{"href":"https:\/\/myhealthbrasil.com.br\/en\/wp-json\/wp\/v2\/product\/1887","targetHints":{"allow":["GET"]}}],"collection":[{"href":"https:\/\/myhealthbrasil.com.br\/en\/wp-json\/wp\/v2\/product"}],"about":[{"href":"https:\/\/myhealthbrasil.com.br\/en\/wp-json\/wp\/v2\/types\/product"}],"replies":[{"embeddable":true,"href":"https:\/\/myhealthbrasil.com.br\/en\/wp-json\/wp\/v2\/comments?post=1887"}],"wp:featuredmedia":[{"embeddable":true,"href":"https:\/\/myhealthbrasil.com.br\/en\/wp-json\/wp\/v2\/media\/2064"}],"wp:attachment":[{"href":"https:\/\/myhealthbrasil.com.br\/en\/wp-json\/wp\/v2\/media?parent=1887"}],"wp:term":[{"taxonomy":"product_brand","embeddable":true,"href":"https:\/\/myhealthbrasil.com.br\/en\/wp-json\/wp\/v2\/product_brand?post=1887"},{"taxonomy":"product_cat","embeddable":true,"href":"https:\/\/myhealthbrasil.com.br\/en\/wp-json\/wp\/v2\/product_cat?post=1887"},{"taxonomy":"product_tag","embeddable":true,"href":"https:\/\/myhealthbrasil.com.br\/en\/wp-json\/wp\/v2\/product_tag?post=1887"}],"curies":[{"name":"wp","href":"https:\/\/api.w.org\/{rel}","templated":true}]}}