{"id":1877,"date":"2025-09-23T10:14:58","date_gmt":"2025-09-23T13:14:58","guid":{"rendered":"http:\/\/novo.myhealthbrasil.com.br\/?post_type=product&#038;p=1877"},"modified":"2026-01-14T14:45:41","modified_gmt":"2026-01-14T17:45:41","slug":"protetor-solar-locao-fps50-sun-prime-100g-mh","status":"publish","type":"product","link":"https:\/\/myhealthbrasil.com.br\/en\/produto\/protetor-solar-locao-fps50-sun-prime-100g-mh\/","title":{"rendered":"PROTETOR SOLAR LOCAO FPS50 SUN PRIME 100G MH"},"content":{"rendered":"<p>O Protetor Solar Sun prime &#8211; Prote\u00e7\u00e3o Pro Age, possui alta tecnologia com r\u00e1pida absor\u00e7\u00e3o e f\u00e1cil aplica\u00e7\u00e3o. Formando uma pel\u00edcula uniforme, flex\u00edvel e resistente \u00e0 \u00e1gua, protegendo contra os raios UVB+UVA. Dermatologicamente testado.<\/p>\n","protected":false},"excerpt":{"rendered":"<p>O Protetor Solar Sun prime &#8211; Prote\u00e7\u00e3o Pro Age, possui alta tecnologia com r\u00e1pida absor\u00e7\u00e3o e f\u00e1cil aplica\u00e7\u00e3o. Formando uma pel\u00edcula uniforme, flex\u00edvel e resistente \u00e0 \u00e1gua, protegendo contra os raios UVB+UVA. Dermatologicamente testado.<\/p>\n","protected":false},"featured_media":2211,"comment_status":"open","ping_status":"closed","template":"","meta":[],"product_brand":[95,98],"product_cat":[59,66],"product_tag":[],"class_list":{"0":"post-1877","1":"product","2":"type-product","3":"status-publish","4":"has-post-thumbnail","6":"product_brand-my-health","7":"product_brand-sun-prime","8":"product_cat-linha-corporal","9":"product_cat-linha-facial","11":"first","12":"instock","13":"shipping-taxable","14":"product-type-simple"},"_links":{"self":[{"href":"https:\/\/myhealthbrasil.com.br\/en\/wp-json\/wp\/v2\/product\/1877","targetHints":{"allow":["GET"]}}],"collection":[{"href":"https:\/\/myhealthbrasil.com.br\/en\/wp-json\/wp\/v2\/product"}],"about":[{"href":"https:\/\/myhealthbrasil.com.br\/en\/wp-json\/wp\/v2\/types\/product"}],"replies":[{"embeddable":true,"href":"https:\/\/myhealthbrasil.com.br\/en\/wp-json\/wp\/v2\/comments?post=1877"}],"wp:featuredmedia":[{"embeddable":true,"href":"https:\/\/myhealthbrasil.com.br\/en\/wp-json\/wp\/v2\/media\/2211"}],"wp:attachment":[{"href":"https:\/\/myhealthbrasil.com.br\/en\/wp-json\/wp\/v2\/media?parent=1877"}],"wp:term":[{"taxonomy":"product_brand","embeddable":true,"href":"https:\/\/myhealthbrasil.com.br\/en\/wp-json\/wp\/v2\/product_brand?post=1877"},{"taxonomy":"product_cat","embeddable":true,"href":"https:\/\/myhealthbrasil.com.br\/en\/wp-json\/wp\/v2\/product_cat?post=1877"},{"taxonomy":"product_tag","embeddable":true,"href":"https:\/\/myhealthbrasil.com.br\/en\/wp-json\/wp\/v2\/product_tag?post=1877"}],"curies":[{"name":"wp","href":"https:\/\/api.w.org\/{rel}","templated":true}]}}