{"id":1872,"date":"2025-09-23T10:14:57","date_gmt":"2025-09-23T13:14:57","guid":{"rendered":"http:\/\/novo.myhealthbrasil.com.br\/?post_type=product&#038;p=1872"},"modified":"2026-01-14T14:52:20","modified_gmt":"2026-01-14T17:52:20","slug":"prot-solar-ae-fps30-sun-prime-370ml-mh","status":"publish","type":"product","link":"https:\/\/myhealthbrasil.com.br\/en\/produto\/prot-solar-ae-fps30-sun-prime-370ml-mh\/","title":{"rendered":"PROT. SOLAR AE FPS30 SUN PRIME 370ML MH"},"content":{"rendered":"<p>O Protetor Solar Sun prime &#8211; Prote\u00e7\u00e3o Pro Age, possui alta tecnologia com r\u00e1pida absor\u00e7\u00e3o e f\u00e1cil aplica\u00e7\u00e3o. Formando uma pel\u00edcula uniforme, flex\u00edvel e resistente \u00e0 \u00e1gua, protegendo contra os raios UVB+UVA. Dermatologicamente testado.<\/p>\n","protected":false},"excerpt":{"rendered":"<p>O Protetor Solar Sun prime &#8211; Prote\u00e7\u00e3o Pro Age, possui alta tecnologia com r\u00e1pida absor\u00e7\u00e3o e f\u00e1cil aplica\u00e7\u00e3o. Formando uma pel\u00edcula uniforme, flex\u00edvel e resistente \u00e0 \u00e1gua, protegendo contra os raios UVB+UVA. Dermatologicamente testado.<\/p>\n","protected":false},"featured_media":2221,"comment_status":"open","ping_status":"closed","template":"","meta":[],"product_brand":[95,98],"product_cat":[59,66],"product_tag":[],"class_list":{"0":"post-1872","1":"product","2":"type-product","3":"status-publish","4":"has-post-thumbnail","6":"product_brand-my-health","7":"product_brand-sun-prime","8":"product_cat-linha-corporal","9":"product_cat-linha-facial","11":"first","12":"instock","13":"shipping-taxable","14":"product-type-simple"},"_links":{"self":[{"href":"https:\/\/myhealthbrasil.com.br\/en\/wp-json\/wp\/v2\/product\/1872","targetHints":{"allow":["GET"]}}],"collection":[{"href":"https:\/\/myhealthbrasil.com.br\/en\/wp-json\/wp\/v2\/product"}],"about":[{"href":"https:\/\/myhealthbrasil.com.br\/en\/wp-json\/wp\/v2\/types\/product"}],"replies":[{"embeddable":true,"href":"https:\/\/myhealthbrasil.com.br\/en\/wp-json\/wp\/v2\/comments?post=1872"}],"wp:featuredmedia":[{"embeddable":true,"href":"https:\/\/myhealthbrasil.com.br\/en\/wp-json\/wp\/v2\/media\/2221"}],"wp:attachment":[{"href":"https:\/\/myhealthbrasil.com.br\/en\/wp-json\/wp\/v2\/media?parent=1872"}],"wp:term":[{"taxonomy":"product_brand","embeddable":true,"href":"https:\/\/myhealthbrasil.com.br\/en\/wp-json\/wp\/v2\/product_brand?post=1872"},{"taxonomy":"product_cat","embeddable":true,"href":"https:\/\/myhealthbrasil.com.br\/en\/wp-json\/wp\/v2\/product_cat?post=1872"},{"taxonomy":"product_tag","embeddable":true,"href":"https:\/\/myhealthbrasil.com.br\/en\/wp-json\/wp\/v2\/product_tag?post=1872"}],"curies":[{"name":"wp","href":"https:\/\/api.w.org\/{rel}","templated":true}]}}