{"id":1860,"date":"2025-09-23T10:14:53","date_gmt":"2025-09-23T13:14:53","guid":{"rendered":"http:\/\/novo.myhealthbrasil.com.br\/?post_type=product&#038;p=1860"},"modified":"2026-01-15T08:26:18","modified_gmt":"2026-01-15T11:26:18","slug":"antitransp-roll-on-flor-de-algodao-mood-50ml-mh","status":"publish","type":"product","link":"https:\/\/myhealthbrasil.com.br\/en\/produto\/antitransp-roll-on-flor-de-algodao-mood-50ml-mh\/","title":{"rendered":"ANTITRANSP. ROLL ON FLOR DE ALGODAO MOOD 50ML MH"},"content":{"rendered":"<p>A f\u00f3rmula do antitranspirante MOOD CARE FLOR DE ALGOD\u00c3O proporciona 48h de prote\u00e7\u00e3o duradoura, auxiliando no combate do mau odor causado pela transpira\u00e7\u00e3o e oferecendo uma sensa\u00e7\u00e3o de frescor e seguran\u00e7a durante todo o dia.<\/p>\n","protected":false},"excerpt":{"rendered":"<p>A f\u00f3rmula do antitranspirante MOOD CARE FLOR DE ALGOD\u00c3O proporciona 48h de prote\u00e7\u00e3o duradoura, auxiliando no combate do mau odor causado pela transpira\u00e7\u00e3o e oferecendo uma sensa\u00e7\u00e3o de frescor e seguran\u00e7a durante todo o dia.<\/p>\n","protected":false},"featured_media":2253,"comment_status":"open","ping_status":"closed","template":"","meta":[],"product_brand":[97,95],"product_cat":[22,59],"product_tag":[],"class_list":{"0":"post-1860","1":"product","2":"type-product","3":"status-publish","4":"has-post-thumbnail","6":"product_brand-mood-care","7":"product_brand-my-health","8":"product_cat-men-care","9":"product_cat-linha-corporal","11":"first","12":"instock","13":"shipping-taxable","14":"product-type-simple"},"_links":{"self":[{"href":"https:\/\/myhealthbrasil.com.br\/en\/wp-json\/wp\/v2\/product\/1860","targetHints":{"allow":["GET"]}}],"collection":[{"href":"https:\/\/myhealthbrasil.com.br\/en\/wp-json\/wp\/v2\/product"}],"about":[{"href":"https:\/\/myhealthbrasil.com.br\/en\/wp-json\/wp\/v2\/types\/product"}],"replies":[{"embeddable":true,"href":"https:\/\/myhealthbrasil.com.br\/en\/wp-json\/wp\/v2\/comments?post=1860"}],"wp:featuredmedia":[{"embeddable":true,"href":"https:\/\/myhealthbrasil.com.br\/en\/wp-json\/wp\/v2\/media\/2253"}],"wp:attachment":[{"href":"https:\/\/myhealthbrasil.com.br\/en\/wp-json\/wp\/v2\/media?parent=1860"}],"wp:term":[{"taxonomy":"product_brand","embeddable":true,"href":"https:\/\/myhealthbrasil.com.br\/en\/wp-json\/wp\/v2\/product_brand?post=1860"},{"taxonomy":"product_cat","embeddable":true,"href":"https:\/\/myhealthbrasil.com.br\/en\/wp-json\/wp\/v2\/product_cat?post=1860"},{"taxonomy":"product_tag","embeddable":true,"href":"https:\/\/myhealthbrasil.com.br\/en\/wp-json\/wp\/v2\/product_tag?post=1860"}],"curies":[{"name":"wp","href":"https:\/\/api.w.org\/{rel}","templated":true}]}}