{"id":1845,"date":"2025-09-23T10:14:50","date_gmt":"2025-09-23T13:14:50","guid":{"rendered":"http:\/\/novo.myhealthbrasil.com.br\/?post_type=product&#038;p=1845"},"modified":"2026-01-15T08:34:38","modified_gmt":"2026-01-15T11:34:38","slug":"antitransp-creme-hidrat-care-mood-50g-mh","status":"publish","type":"product","link":"https:\/\/myhealthbrasil.com.br\/en\/produto\/antitransp-creme-hidrat-care-mood-50g-mh\/","title":{"rendered":"ANTITRANSP. CREME HIDRAT CARE MOOD 50G MH"},"content":{"rendered":"<p>A f\u00f3rmula do antitranspirante MOOD CARE HIDRAT CARE proporciona 48h de prote\u00e7\u00e3o duradoura, auxiliando no combate do mau odor causado pela transpira\u00e7\u00e3o e oferecendo uma sensa\u00e7\u00e3o de frescor e seguran\u00e7a durante todo o dia.<\/p>\n","protected":false},"excerpt":{"rendered":"<p>A f\u00f3rmula do antitranspirante MOOD CARE HIDRAT CARE proporciona 48h de prote\u00e7\u00e3o duradoura, auxiliando no combate do mau odor causado pela transpira\u00e7\u00e3o e oferecendo uma sensa\u00e7\u00e3o de frescor e seguran\u00e7a durante todo o dia.<\/p>\n","protected":false},"featured_media":2271,"comment_status":"open","ping_status":"closed","template":"","meta":[],"product_brand":[97,95],"product_cat":[22,59],"product_tag":[],"class_list":{"0":"post-1845","1":"product","2":"type-product","3":"status-publish","4":"has-post-thumbnail","6":"product_brand-mood-care","7":"product_brand-my-health","8":"product_cat-men-care","9":"product_cat-linha-corporal","11":"first","12":"instock","13":"shipping-taxable","14":"product-type-simple"},"_links":{"self":[{"href":"https:\/\/myhealthbrasil.com.br\/en\/wp-json\/wp\/v2\/product\/1845","targetHints":{"allow":["GET"]}}],"collection":[{"href":"https:\/\/myhealthbrasil.com.br\/en\/wp-json\/wp\/v2\/product"}],"about":[{"href":"https:\/\/myhealthbrasil.com.br\/en\/wp-json\/wp\/v2\/types\/product"}],"replies":[{"embeddable":true,"href":"https:\/\/myhealthbrasil.com.br\/en\/wp-json\/wp\/v2\/comments?post=1845"}],"wp:featuredmedia":[{"embeddable":true,"href":"https:\/\/myhealthbrasil.com.br\/en\/wp-json\/wp\/v2\/media\/2271"}],"wp:attachment":[{"href":"https:\/\/myhealthbrasil.com.br\/en\/wp-json\/wp\/v2\/media?parent=1845"}],"wp:term":[{"taxonomy":"product_brand","embeddable":true,"href":"https:\/\/myhealthbrasil.com.br\/en\/wp-json\/wp\/v2\/product_brand?post=1845"},{"taxonomy":"product_cat","embeddable":true,"href":"https:\/\/myhealthbrasil.com.br\/en\/wp-json\/wp\/v2\/product_cat?post=1845"},{"taxonomy":"product_tag","embeddable":true,"href":"https:\/\/myhealthbrasil.com.br\/en\/wp-json\/wp\/v2\/product_tag?post=1845"}],"curies":[{"name":"wp","href":"https:\/\/api.w.org\/{rel}","templated":true}]}}