{"id":1822,"date":"2025-09-23T10:14:44","date_gmt":"2025-09-23T13:14:44","guid":{"rendered":"http:\/\/novo.myhealthbrasil.com.br\/?post_type=product&#038;p=1822"},"modified":"2026-01-14T10:41:08","modified_gmt":"2026-01-14T13:41:08","slug":"antitransp-ae-sport-women-mood-150ml","status":"publish","type":"product","link":"https:\/\/myhealthbrasil.com.br\/en\/produto\/antitransp-ae-sport-women-mood-150ml\/","title":{"rendered":"ANTITRANSP. AE SPORT WOMEN MOOD 150ML"},"content":{"rendered":"<p>Mood \u00e9 um desodorante que proporciona at\u00e9 48 horas de prote\u00e7\u00e3o antitranspirante. Auxilia no combate ao mau odor causado pela transpira\u00e7\u00e3o e proporciona uma sensa\u00e7\u00e3o de conforto e liberdade durante todo o dia. \u00c9 livre de \u00e1lcool e corantes.<\/p>\n","protected":false},"excerpt":{"rendered":"<p>Mood \u00e9 um desodorante que proporciona at\u00e9 48 horas de prote\u00e7\u00e3o antitranspirante. Auxilia no combate ao mau odor causado pela transpira\u00e7\u00e3o e proporciona uma sensa\u00e7\u00e3o de conforto e liberdade durante todo o dia. \u00c9 livre de \u00e1lcool e corantes.<\/p>\n","protected":false},"featured_media":2116,"comment_status":"open","ping_status":"closed","template":"","meta":[],"product_brand":[97,95],"product_cat":[22,59],"product_tag":[],"class_list":{"0":"post-1822","1":"product","2":"type-product","3":"status-publish","4":"has-post-thumbnail","6":"product_brand-mood-care","7":"product_brand-my-health","8":"product_cat-men-care","9":"product_cat-linha-corporal","11":"first","12":"instock","13":"shipping-taxable","14":"product-type-simple"},"_links":{"self":[{"href":"https:\/\/myhealthbrasil.com.br\/en\/wp-json\/wp\/v2\/product\/1822","targetHints":{"allow":["GET"]}}],"collection":[{"href":"https:\/\/myhealthbrasil.com.br\/en\/wp-json\/wp\/v2\/product"}],"about":[{"href":"https:\/\/myhealthbrasil.com.br\/en\/wp-json\/wp\/v2\/types\/product"}],"replies":[{"embeddable":true,"href":"https:\/\/myhealthbrasil.com.br\/en\/wp-json\/wp\/v2\/comments?post=1822"}],"wp:featuredmedia":[{"embeddable":true,"href":"https:\/\/myhealthbrasil.com.br\/en\/wp-json\/wp\/v2\/media\/2116"}],"wp:attachment":[{"href":"https:\/\/myhealthbrasil.com.br\/en\/wp-json\/wp\/v2\/media?parent=1822"}],"wp:term":[{"taxonomy":"product_brand","embeddable":true,"href":"https:\/\/myhealthbrasil.com.br\/en\/wp-json\/wp\/v2\/product_brand?post=1822"},{"taxonomy":"product_cat","embeddable":true,"href":"https:\/\/myhealthbrasil.com.br\/en\/wp-json\/wp\/v2\/product_cat?post=1822"},{"taxonomy":"product_tag","embeddable":true,"href":"https:\/\/myhealthbrasil.com.br\/en\/wp-json\/wp\/v2\/product_tag?post=1822"}],"curies":[{"name":"wp","href":"https:\/\/api.w.org\/{rel}","templated":true}]}}