{"id":1937,"date":"2025-09-23T10:15:15","date_gmt":"2025-09-23T13:15:15","guid":{"rendered":"http:\/\/novo.myhealthbrasil.com.br\/?post_type=product&#038;p=1937"},"modified":"2026-01-29T01:43:28","modified_gmt":"2026-01-29T04:43:28","slug":"body-spray-ae-belle-mood-225ml-mh","status":"publish","type":"product","link":"http:\/\/myhealthbrasil.com.br\/en\/produto\/body-spray-ae-belle-mood-225ml-mh\/","title":{"rendered":"BODY SPRAY AE BELLE MOOD 225ML MH"},"content":{"rendered":"<p class=\"p1\">O <strong>Desodorante Body Spray Mood Belle<\/strong> oferece uma perfuma\u00e7\u00e3o leve e pr\u00e1tica, ideal para quem gosta de se cuidar e se expressar a qualquer momento. Use quando quiser dar um toque de fragr\u00e2ncia \u00e0 sua rotina.<\/p>\n<p class=\"p1\"><strong>MODO DE USAR:<\/strong> AGITE ANTES DE USAR. Aplique o Body Spray sobre a pele, mantendo uma dist\u00e2ncia de aproximadamente 15 cm. Reaplique ao longo do dia, sempre que desejar renovar a fragr\u00e2ncia.<\/p>\n<p class=\"p1\"><strong>COMPOSI\u00c7\u00c3O:<\/strong> BUTANE (BUTANO), ALCOHOL (\u00c1LCOOL ET\u00cdLICO), ISOBUTANE (ISOBUTANO), PROPANE (PROPANO), AQUA (\u00c1GUA), PARFUM (PERFUME), PROPANEDIOL (PROPANODIOL), 2-METHYL 5-CYCLOHEXYLPENTANOL (2-METIL 5-CICLOEXILPENTANOL), PENTAERYTHRITYL TETRA-DI-T-BUTYL HYDROXYHYDROCINNAMATE (PENTAERITRITIL TETRA-DI-T-BUTIL HIDROXI-HIDROCINAMATO), ALPHA-ISOMETHYL IONONE (ALFA-ISOMETIL IONONA), BENZYL SALICYLATE (SALICILATO DE BENZILA), CITRONELLOL (CITRONELOL), COUMARIN (COUMARINA), LIMONENE (LIMONENO), LINALOOL (LINALOL).<\/p>\n<p class=\"p1\"><strong>PRECAU\u00c7\u00d5ES:<\/strong> Evitar a inala\u00e7\u00e3o direta deste produto. Inflam\u00e1vel. N\u00e3o pulverizar perto do fogo. Manter fora do alcance de crian\u00e7as. N\u00e3o perfurar, nem incinerar. N\u00e3o expor ao sol nem a temperaturas superiores a 50 \u00b0C. Proteger os olhos durante a aplica\u00e7\u00e3o. Caso ocorra irrita\u00e7\u00e3o e\/ou prurido no local da aplica\u00e7\u00e3o, suspender o uso imediatamente. N\u00e3o usar se a pele estiver irritada ou lesionada. Usar somente nas \u00e1reas indicadas.<\/p>\n","protected":false},"excerpt":{"rendered":"<p>O Desodorante Body Spray Mood Belle oferece uma perfuma\u00e7\u00e3o leve e pr\u00e1tica, ideal para quem gosta de se cuidar e se expressar a qualquer momento. Use quando quiser dar um toque de fragr\u00e2ncia \u00e0 sua rotina. MODO DE USAR: AGITE ANTES DE USAR. Aplique o Body Spray sobre a pele, mantendo uma dist\u00e2ncia de aproximadamente [&#8230;]\n","protected":false},"featured_media":2068,"comment_status":"open","ping_status":"closed","template":"","meta":[],"product_brand":[97,95],"product_cat":[59],"product_tag":[],"class_list":{"0":"post-1937","1":"product","2":"type-product","3":"status-publish","4":"has-post-thumbnail","6":"product_brand-mood-care","7":"product_brand-my-health","8":"product_cat-linha-corporal","10":"first","11":"instock","12":"shipping-taxable","13":"product-type-simple"},"_links":{"self":[{"href":"http:\/\/myhealthbrasil.com.br\/en\/wp-json\/wp\/v2\/product\/1937","targetHints":{"allow":["GET"]}}],"collection":[{"href":"http:\/\/myhealthbrasil.com.br\/en\/wp-json\/wp\/v2\/product"}],"about":[{"href":"http:\/\/myhealthbrasil.com.br\/en\/wp-json\/wp\/v2\/types\/product"}],"replies":[{"embeddable":true,"href":"http:\/\/myhealthbrasil.com.br\/en\/wp-json\/wp\/v2\/comments?post=1937"}],"wp:featuredmedia":[{"embeddable":true,"href":"http:\/\/myhealthbrasil.com.br\/en\/wp-json\/wp\/v2\/media\/2068"}],"wp:attachment":[{"href":"http:\/\/myhealthbrasil.com.br\/en\/wp-json\/wp\/v2\/media?parent=1937"}],"wp:term":[{"taxonomy":"product_brand","embeddable":true,"href":"http:\/\/myhealthbrasil.com.br\/en\/wp-json\/wp\/v2\/product_brand?post=1937"},{"taxonomy":"product_cat","embeddable":true,"href":"http:\/\/myhealthbrasil.com.br\/en\/wp-json\/wp\/v2\/product_cat?post=1937"},{"taxonomy":"product_tag","embeddable":true,"href":"http:\/\/myhealthbrasil.com.br\/en\/wp-json\/wp\/v2\/product_tag?post=1937"}],"curies":[{"name":"wp","href":"https:\/\/api.w.org\/{rel}","templated":true}]}}