{"id":1936,"date":"2025-09-23T10:15:15","date_gmt":"2025-09-23T13:15:15","guid":{"rendered":"http:\/\/novo.myhealthbrasil.com.br\/?post_type=product&#038;p=1936"},"modified":"2026-01-29T01:43:44","modified_gmt":"2026-01-29T04:43:44","slug":"body-spray-ae-bravus-mood-225ml-mh","status":"publish","type":"product","link":"http:\/\/myhealthbrasil.com.br\/en\/produto\/body-spray-ae-bravus-mood-225ml-mh\/","title":{"rendered":"BODY SPRAY AE BRAVUS MOOD 225ML MH"},"content":{"rendered":"<h2>O <strong>Body Spray Mood Bravus<\/strong> oferece uma perfuma\u00e7\u00e3o leve e pr\u00e1tica,<br \/>\nideal para quem gosta de se cuidar e se expressar a qualquer<br \/>\nmomento. Use quando quiser dar um toque de fragr\u00e2ncia \u00e0 sua<br \/>\nrotina.<br \/>\n<strong>MODO DE USAR: AGITE ANTES DE USAR<\/strong><br \/>\n. Aplique o Body Spray sobre a<br \/>\npele, mantendo uma dist\u00e2ncia de aproximadamente 15 cm. Reaplique<br \/>\nao longo do dia, sempre que desejar renovar a fragr\u00e2ncia.<br \/>\n<strong>COMPOSI\u00c7\u00c3O:<\/strong> BUTANE (BUTANO), ALCOHOL (\u00c1LCOOL ET\u00cdLICO),<br \/>\nISOBUTANE (ISOBUTANO), PROPANE (PROPANO), AQUA (\u00c1GUA),<br \/>\nPARFUM (PERFUME), PROPANEDIOL (PROPANODIOL), 2-METHYL<br \/>\n5-CYCLOHEXYLPENTANOL (2-METIL 5-CICLOEXILPENTANOL),<br \/>\nPENTAERYTHRITYL TETRA-DI-T-BUTYL HYDROXYHYDROCINNAMATE<br \/>\n(PENTAERITRITIL TETRA-DI-T-BUTIL HIDROXI-HIDROCINAMATO),<br \/>\nALPHA-ISOMETHYL IONONE (ALFA-ISOMETIL IONONA), BENZYL<br \/>\nSALICYLATE (SALICILATO DE BENZILA), CITRAL (CITRAL), CITRONELLOL<br \/>\n(CITRONELOL), COUMARIN (COUMARINA), GERANIOL<br \/>\n(GERANIOL), HEXYL CINNAMAL (HEXIL CINAMAL), LIMONENE<br \/>\n(LIMONENO), LINALOOL (LINALOL).<br \/>\n<strong>PRECAU\u00c7\u00d5ES:<\/strong> Evitar a inala\u00e7\u00e3o direta deste produto. Inflam\u00e1vel. N\u00e3o<br \/>\npulverizar perto do fogo. Manter fora do alcance de crian\u00e7as. N\u00e3o<br \/>\nperfurar, nem incinerar. N\u00e3o expor ao sol nem a temperaturas<br \/>\nsuperiores a 50 \u00b0C. Proteger os olhos durante a aplica\u00e7\u00e3o. Caso ocorra<br \/>\nirrita\u00e7\u00e3o e\/ou prurido no local da aplica\u00e7\u00e3o, suspender o uso<br \/>\nimediatamente. N\u00e3o usar se a pele estiver irritada ou lesionada. Usar<br \/>\nsomente nas \u00e1reas indicadas.<\/h2>\n","protected":false},"excerpt":{"rendered":"<p>O Body Spray Mood Bravus oferece uma perfuma\u00e7\u00e3o leve e pr\u00e1tica, ideal para quem gosta de se cuidar e se expressar a qualquer momento. Use quando quiser dar um toque de fragr\u00e2ncia \u00e0 sua rotina. MODO DE USAR: AGITE ANTES DE USAR . Aplique o Body Spray sobre a pele, mantendo uma dist\u00e2ncia de aproximadamente [&#8230;]\n","protected":false},"featured_media":2066,"comment_status":"open","ping_status":"closed","template":"","meta":[],"product_brand":[97,95],"product_cat":[22,59],"product_tag":[],"class_list":{"0":"post-1936","1":"product","2":"type-product","3":"status-publish","4":"has-post-thumbnail","6":"product_brand-mood-care","7":"product_brand-my-health","8":"product_cat-men-care","9":"product_cat-linha-corporal","11":"first","12":"instock","13":"shipping-taxable","14":"product-type-simple"},"_links":{"self":[{"href":"http:\/\/myhealthbrasil.com.br\/en\/wp-json\/wp\/v2\/product\/1936","targetHints":{"allow":["GET"]}}],"collection":[{"href":"http:\/\/myhealthbrasil.com.br\/en\/wp-json\/wp\/v2\/product"}],"about":[{"href":"http:\/\/myhealthbrasil.com.br\/en\/wp-json\/wp\/v2\/types\/product"}],"replies":[{"embeddable":true,"href":"http:\/\/myhealthbrasil.com.br\/en\/wp-json\/wp\/v2\/comments?post=1936"}],"wp:featuredmedia":[{"embeddable":true,"href":"http:\/\/myhealthbrasil.com.br\/en\/wp-json\/wp\/v2\/media\/2066"}],"wp:attachment":[{"href":"http:\/\/myhealthbrasil.com.br\/en\/wp-json\/wp\/v2\/media?parent=1936"}],"wp:term":[{"taxonomy":"product_brand","embeddable":true,"href":"http:\/\/myhealthbrasil.com.br\/en\/wp-json\/wp\/v2\/product_brand?post=1936"},{"taxonomy":"product_cat","embeddable":true,"href":"http:\/\/myhealthbrasil.com.br\/en\/wp-json\/wp\/v2\/product_cat?post=1936"},{"taxonomy":"product_tag","embeddable":true,"href":"http:\/\/myhealthbrasil.com.br\/en\/wp-json\/wp\/v2\/product_tag?post=1936"}],"curies":[{"name":"wp","href":"https:\/\/api.w.org\/{rel}","templated":true}]}}