{"id":1933,"date":"2025-09-23T10:15:14","date_gmt":"2025-09-23T13:15:14","guid":{"rendered":"http:\/\/novo.myhealthbrasil.com.br\/?post_type=product&#038;p=1933"},"modified":"2026-02-12T09:57:45","modified_gmt":"2026-02-12T12:57:45","slug":"body-spray-ae-legend-mood-225ml-mh","status":"publish","type":"product","link":"http:\/\/myhealthbrasil.com.br\/en\/produto\/body-spray-ae-legend-mood-225ml-mh\/","title":{"rendered":"BODY SPRAY AE LEGEND MOOD 225ML MH"},"content":{"rendered":"<p>O Desodorante Body Spray Mood Legend oferece uma perfuma\u00e7\u00e3o leve e pr\u00e1tica, ideal para quem gosta de se cuidar e se expressar a qualquer momento. Use quando quiser dar um toque de fragr\u00e2ncia \u00e0 sua rotina.<\/p>\n","protected":false},"excerpt":{"rendered":"<p>O Desodorante Body Spray Mood Legend oferece uma perfuma\u00e7\u00e3o leve e pr\u00e1tica, ideal para quem gosta de se cuidar e se expressar a qualquer momento. Use quando quiser dar um toque de fragr\u00e2ncia \u00e0 sua rotina.<\/p>\n","protected":false},"featured_media":2074,"comment_status":"open","ping_status":"closed","template":"","meta":[],"product_brand":[97,95],"product_cat":[22,59],"product_tag":[],"class_list":{"0":"post-1933","1":"product","2":"type-product","3":"status-publish","4":"has-post-thumbnail","6":"product_brand-mood-care","7":"product_brand-my-health","8":"product_cat-men-care","9":"product_cat-linha-corporal","11":"first","12":"instock","13":"shipping-taxable","14":"product-type-simple"},"_links":{"self":[{"href":"http:\/\/myhealthbrasil.com.br\/en\/wp-json\/wp\/v2\/product\/1933","targetHints":{"allow":["GET"]}}],"collection":[{"href":"http:\/\/myhealthbrasil.com.br\/en\/wp-json\/wp\/v2\/product"}],"about":[{"href":"http:\/\/myhealthbrasil.com.br\/en\/wp-json\/wp\/v2\/types\/product"}],"replies":[{"embeddable":true,"href":"http:\/\/myhealthbrasil.com.br\/en\/wp-json\/wp\/v2\/comments?post=1933"}],"wp:featuredmedia":[{"embeddable":true,"href":"http:\/\/myhealthbrasil.com.br\/en\/wp-json\/wp\/v2\/media\/2074"}],"wp:attachment":[{"href":"http:\/\/myhealthbrasil.com.br\/en\/wp-json\/wp\/v2\/media?parent=1933"}],"wp:term":[{"taxonomy":"product_brand","embeddable":true,"href":"http:\/\/myhealthbrasil.com.br\/en\/wp-json\/wp\/v2\/product_brand?post=1933"},{"taxonomy":"product_cat","embeddable":true,"href":"http:\/\/myhealthbrasil.com.br\/en\/wp-json\/wp\/v2\/product_cat?post=1933"},{"taxonomy":"product_tag","embeddable":true,"href":"http:\/\/myhealthbrasil.com.br\/en\/wp-json\/wp\/v2\/product_tag?post=1933"}],"curies":[{"name":"wp","href":"https:\/\/api.w.org\/{rel}","templated":true}]}}