{"id":1893,"date":"2025-09-23T10:15:03","date_gmt":"2025-09-23T13:15:03","guid":{"rendered":"http:\/\/novo.myhealthbrasil.com.br\/?post_type=product&#038;p=1893"},"modified":"2026-01-15T09:58:59","modified_gmt":"2026-01-15T12:58:59","slug":"mousse-hidratante-ae-mood-200ml-mh-cup-e-vanilla","status":"publish","type":"product","link":"http:\/\/myhealthbrasil.com.br\/en\/produto\/mousse-hidratante-ae-mood-200ml-mh-cup-e-vanilla\/","title":{"rendered":"MOUSSE HIDRATANTE AE MOOD 200ML MH CUP E VANILLA"},"content":{"rendered":"<p>O Mousse Hidratante Corporal Mood Care possui uma fragr\u00e2ncia suave e marcante, que deixa seu corpo perfumado durante todo o dia. Sua textura cremosa e suave \u00e9 rapidamente absorvida, deixando a pele hidratada e com toque aveludado desde a primeira aplica\u00e7\u00e3o.<\/p>\n","protected":false},"excerpt":{"rendered":"<p>O Mousse Hidratante Corporal Mood Care possui uma fragr\u00e2ncia suave e marcante, que deixa seu corpo perfumado durante todo o dia. Sua textura cremosa e suave \u00e9 rapidamente absorvida, deixando a pele hidratada e com toque aveludado desde a primeira aplica\u00e7\u00e3o.<\/p>\n","protected":false},"featured_media":2301,"comment_status":"open","ping_status":"closed","template":"","meta":[],"product_brand":[97,95],"product_cat":[22,59],"product_tag":[],"class_list":{"0":"post-1893","1":"product","2":"type-product","3":"status-publish","4":"has-post-thumbnail","6":"product_brand-mood-care","7":"product_brand-my-health","8":"product_cat-men-care","9":"product_cat-linha-corporal","11":"first","12":"instock","13":"shipping-taxable","14":"product-type-simple"},"_links":{"self":[{"href":"http:\/\/myhealthbrasil.com.br\/en\/wp-json\/wp\/v2\/product\/1893","targetHints":{"allow":["GET"]}}],"collection":[{"href":"http:\/\/myhealthbrasil.com.br\/en\/wp-json\/wp\/v2\/product"}],"about":[{"href":"http:\/\/myhealthbrasil.com.br\/en\/wp-json\/wp\/v2\/types\/product"}],"replies":[{"embeddable":true,"href":"http:\/\/myhealthbrasil.com.br\/en\/wp-json\/wp\/v2\/comments?post=1893"}],"wp:featuredmedia":[{"embeddable":true,"href":"http:\/\/myhealthbrasil.com.br\/en\/wp-json\/wp\/v2\/media\/2301"}],"wp:attachment":[{"href":"http:\/\/myhealthbrasil.com.br\/en\/wp-json\/wp\/v2\/media?parent=1893"}],"wp:term":[{"taxonomy":"product_brand","embeddable":true,"href":"http:\/\/myhealthbrasil.com.br\/en\/wp-json\/wp\/v2\/product_brand?post=1893"},{"taxonomy":"product_cat","embeddable":true,"href":"http:\/\/myhealthbrasil.com.br\/en\/wp-json\/wp\/v2\/product_cat?post=1893"},{"taxonomy":"product_tag","embeddable":true,"href":"http:\/\/myhealthbrasil.com.br\/en\/wp-json\/wp\/v2\/product_tag?post=1893"}],"curies":[{"name":"wp","href":"https:\/\/api.w.org\/{rel}","templated":true}]}}