{"id":1886,"date":"2025-09-23T10:15:00","date_gmt":"2025-09-23T13:15:00","guid":{"rendered":"http:\/\/novo.myhealthbrasil.com.br\/?post_type=product&#038;p=1886"},"modified":"2026-01-14T12:46:02","modified_gmt":"2026-01-14T15:46:02","slug":"pos-sol-ae-sun-prime-150ml-mh","status":"publish","type":"product","link":"http:\/\/myhealthbrasil.com.br\/en\/produto\/pos-sol-ae-sun-prime-150ml-mh\/","title":{"rendered":"POS-SOL AE SUN PRIME 150ML MH"},"content":{"rendered":"<p>O P\u00f3s-Sol Sun prime &#8211; Fresh Sense, foi desenvolvido para peles que foram expostas a radia\u00e7\u00e3o solar, proporcionado uma sensa\u00e7\u00e3o de al\u00edvio, hidrata\u00e7\u00e3o e suavidade. Seus componentes atuam reduzindo o desconforto causado pelo ressecamento e vermelhid\u00e3o da pele, promovendo uma sensa\u00e7\u00e3o refrescante e calmante.<\/p>\n","protected":false},"excerpt":{"rendered":"<p>O P\u00f3s-Sol Sun prime &#8211; Fresh Sense, foi desenvolvido para peles que foram expostas a radia\u00e7\u00e3o solar, proporcionado uma sensa\u00e7\u00e3o de al\u00edvio, hidrata\u00e7\u00e3o e suavidade. Seus componentes atuam reduzindo o desconforto causado pelo ressecamento e vermelhid\u00e3o da pele, promovendo uma sensa\u00e7\u00e3o refrescante e calmante.<\/p>\n","protected":false},"featured_media":2201,"comment_status":"open","ping_status":"closed","template":"","meta":[],"product_brand":[95,98],"product_cat":[59,66],"product_tag":[],"class_list":{"0":"post-1886","1":"product","2":"type-product","3":"status-publish","4":"has-post-thumbnail","6":"product_brand-my-health","7":"product_brand-sun-prime","8":"product_cat-linha-corporal","9":"product_cat-linha-facial","11":"first","12":"instock","13":"shipping-taxable","14":"product-type-simple"},"_links":{"self":[{"href":"http:\/\/myhealthbrasil.com.br\/en\/wp-json\/wp\/v2\/product\/1886","targetHints":{"allow":["GET"]}}],"collection":[{"href":"http:\/\/myhealthbrasil.com.br\/en\/wp-json\/wp\/v2\/product"}],"about":[{"href":"http:\/\/myhealthbrasil.com.br\/en\/wp-json\/wp\/v2\/types\/product"}],"replies":[{"embeddable":true,"href":"http:\/\/myhealthbrasil.com.br\/en\/wp-json\/wp\/v2\/comments?post=1886"}],"wp:featuredmedia":[{"embeddable":true,"href":"http:\/\/myhealthbrasil.com.br\/en\/wp-json\/wp\/v2\/media\/2201"}],"wp:attachment":[{"href":"http:\/\/myhealthbrasil.com.br\/en\/wp-json\/wp\/v2\/media?parent=1886"}],"wp:term":[{"taxonomy":"product_brand","embeddable":true,"href":"http:\/\/myhealthbrasil.com.br\/en\/wp-json\/wp\/v2\/product_brand?post=1886"},{"taxonomy":"product_cat","embeddable":true,"href":"http:\/\/myhealthbrasil.com.br\/en\/wp-json\/wp\/v2\/product_cat?post=1886"},{"taxonomy":"product_tag","embeddable":true,"href":"http:\/\/myhealthbrasil.com.br\/en\/wp-json\/wp\/v2\/product_tag?post=1886"}],"curies":[{"name":"wp","href":"https:\/\/api.w.org\/{rel}","templated":true}]}}