{"id":1884,"date":"2025-09-23T10:15:00","date_gmt":"2025-09-23T13:15:00","guid":{"rendered":"http:\/\/novo.myhealthbrasil.com.br\/?post_type=product&#038;p=1884"},"modified":"2026-01-14T12:44:20","modified_gmt":"2026-01-14T15:44:20","slug":"oleo-bronzeador-ae-fps6-sun-prime-150ml-mh","status":"publish","type":"product","link":"http:\/\/myhealthbrasil.com.br\/en\/produto\/oleo-bronzeador-ae-fps6-sun-prime-150ml-mh\/","title":{"rendered":"OLEO BRONZEADOR AE FPS6 SUN PRIME 150ML MH"},"content":{"rendered":"<p>O \u00f3leo bronzeador FPS 6 Sun prime \u2013 Bronze Dourado, possui uma f\u00f3rmula leve e refrescante que atrav\u00e9s de uma combina\u00e7\u00e3o de \u00f3leos naturais e vitaminas auxilia na obten\u00e7\u00e3o de um bronzeado intenso, uniforme e duradouro.<\/p>\n","protected":false},"excerpt":{"rendered":"<p>O \u00f3leo bronzeador FPS 6 Sun prime \u2013 Bronze Dourado, possui uma f\u00f3rmula leve e refrescante que atrav\u00e9s de uma combina\u00e7\u00e3o de \u00f3leos naturais e vitaminas auxilia na obten\u00e7\u00e3o de um bronzeado intenso, uniforme e duradouro.<\/p>\n","protected":false},"featured_media":2197,"comment_status":"open","ping_status":"closed","template":"","meta":[],"product_brand":[95,98],"product_cat":[59,66],"product_tag":[],"class_list":{"0":"post-1884","1":"product","2":"type-product","3":"status-publish","4":"has-post-thumbnail","6":"product_brand-my-health","7":"product_brand-sun-prime","8":"product_cat-linha-corporal","9":"product_cat-linha-facial","11":"first","12":"instock","13":"shipping-taxable","14":"product-type-simple"},"_links":{"self":[{"href":"http:\/\/myhealthbrasil.com.br\/en\/wp-json\/wp\/v2\/product\/1884","targetHints":{"allow":["GET"]}}],"collection":[{"href":"http:\/\/myhealthbrasil.com.br\/en\/wp-json\/wp\/v2\/product"}],"about":[{"href":"http:\/\/myhealthbrasil.com.br\/en\/wp-json\/wp\/v2\/types\/product"}],"replies":[{"embeddable":true,"href":"http:\/\/myhealthbrasil.com.br\/en\/wp-json\/wp\/v2\/comments?post=1884"}],"wp:featuredmedia":[{"embeddable":true,"href":"http:\/\/myhealthbrasil.com.br\/en\/wp-json\/wp\/v2\/media\/2197"}],"wp:attachment":[{"href":"http:\/\/myhealthbrasil.com.br\/en\/wp-json\/wp\/v2\/media?parent=1884"}],"wp:term":[{"taxonomy":"product_brand","embeddable":true,"href":"http:\/\/myhealthbrasil.com.br\/en\/wp-json\/wp\/v2\/product_brand?post=1884"},{"taxonomy":"product_cat","embeddable":true,"href":"http:\/\/myhealthbrasil.com.br\/en\/wp-json\/wp\/v2\/product_cat?post=1884"},{"taxonomy":"product_tag","embeddable":true,"href":"http:\/\/myhealthbrasil.com.br\/en\/wp-json\/wp\/v2\/product_tag?post=1884"}],"curies":[{"name":"wp","href":"https:\/\/api.w.org\/{rel}","templated":true}]}}